{"id":633,"date":"2016-11-17T06:18:53","date_gmt":"2016-11-17T12:18:53","guid":{"rendered":"http:\/\/rconsultores.com.py\/web\/?page_id=633"},"modified":"2021-08-24T16:25:04","modified_gmt":"2021-08-24T22:25:04","slug":"servicios","status":"publish","type":"page","link":"https:\/\/rconsultores.com.py\/web\/servicios\/","title":{"rendered":"Servicios"},"content":{"rendered":"<p>[vc_column]   \r\n   \r\n\r\n<!--Services Style One-->\r\n    <section class=\"services-style-one\">\r\n    \t<!--Image One-->\r\n        <div class=\"background-image-one\" style=\"background-image:url('https:\/\/rconsultores.com.py\/web\/wp-content\/uploads\/2016\/11\/5.jpg');\"><\/div>\r\n        <!--Image Two-->\r\n        <div class=\"background-image-two\" style=\"background-image:url('https:\/\/rconsultores.com.py\/web\/wp-content\/uploads\/2016\/11\/imagen12-1.jpg');\"><\/div>\r\n        \r\n    \t<div class=\"outer-container\">\r\n        \t<div class=\"row clearfix\">\r\n            \t<!--Left Column-->\r\n                <div class=\"left-column col-lg-4 col-md-12\">\r\n                \t<div class=\"inner-box\">\r\n                    \t<h2>Nuestros<br>Servicios<\/h2>\r\n                        <div class=\"text\">R &amp; C consultora brinda soluciones de negocios viables y concretas a las situaciones de competencia entre las empresas de una manera innovadora, otorgando confiabilidad a la informaci\u00f3n emitida por nuestros clientes. Nuestros servicios son: Contabilidad, Auditoria, Consultor\u00eda, Asesoramiento Impositivo, Datacenter y una Plataforma de soporte en l\u00ednea a los clientes.<\/div>\r\n                    <\/div>\r\n                <\/div>\r\n                \r\n                <!--Transparent Column-->\r\n                <div class=\"transparent-column col-lg-8 col-md-12\">\r\n                \t<div class=\"inner-box wow fadeInRight\" data-wow-delay=\"0ms\" data-wow-duration=\"1500ms\">\r\n                    \t<div class=\"row clearfix\">\r\n                        \t                            <!--Icon Column-->\r\n                            <div class=\"default-icon-column col-md-6 col-sm-6 col-xs-12\">\r\n                            \t<div class=\"inner\">\r\n                                \t<div class=\"icon-box\"><span class=\"flaticon-business\"><\/span><\/div>\r\n                                    <h3>Contabilidad y Auditoria<\/h3>\r\n                                    <div class=\"text\">\r\n                                    \t<p>Con nuestro plantel altamente calificado y capacitado, generamos eficiente informaci\u00f3n contable que le brinda informaci\u00f3n confiable. Nuestro servicio de auditoria se caracteriza en un profundo conocimiento del ciclo del negocio ...<\/p>\r\n                                    <\/div>\r\n                                <\/div>\r\n                            <\/div>\r\n                        \t                            <!--Icon Column-->\r\n                            <div class=\"default-icon-column col-md-6 col-sm-6 col-xs-12\">\r\n                            \t<div class=\"inner\">\r\n                                \t<div class=\"icon-box\"><span class=\"fa fa-check-square-o\"><\/span><\/div>\r\n                                    <h3>Consultor\u00eda y Asesoramiento Impositivo<\/h3>\r\n                                    <div class=\"text\">\r\n                                    \t<p>Para ayudar a las organizaciones en estas tareas de existencias de mercader\u00edas, activo fijo, documentos, conciliaci\u00f3n entre los saldos de inventarios. Cooperamos con nuestros clientes a adoptar estructuras tributarias apropiadas ...<\/p>\r\n                                    <\/div>\r\n                                <\/div>\r\n                            <\/div>\r\n                        \t                            <!--Icon Column-->\r\n                            <div class=\"default-icon-column col-md-6 col-sm-6 col-xs-12\">\r\n                            \t<div class=\"inner\">\r\n                                \t<div class=\"icon-box\"><span class=\"flaticon-suitcase\"><\/span><\/div>\r\n                                    <h3>Datacenter<\/h3>\r\n                                    <div class=\"text\">\r\n                                    \t<p>Brindamos servicios de alojamiento en Servidores de alta gama, donde el cliente puede acceder a sus datos, programas y recursos las 24\/7.<\/p>\r\n                                    <\/div>\r\n                                <\/div>\r\n                            <\/div>\r\n                        \t                            <!--Icon Column-->\r\n                            <div class=\"default-icon-column col-md-6 col-sm-6 col-xs-12\">\r\n                            \t<div class=\"inner\">\r\n                                \t<div class=\"icon-box\"><span class=\"flaticon-monitor-1\"><\/span><\/div>\r\n                                    <h3>Plataforma de gesti\u00f3n documentaria en linea<\/h3>\r\n                                    <div class=\"text\">\r\n                                    \t<p>Prestamos servicios de gesti\u00f3n documentaria en linea, donde el cliente puede acceder directamente mediante la web a archivos y\/o documentos compartidos exclusivamente con cada cliente.<\/p>\r\n                                    <\/div>\r\n                                <\/div>\r\n                            <\/div>\r\n                        \t                        <\/div>\r\n                    <\/div>\r\n                <\/div>\r\n                \r\n            <\/div>\r\n        <\/div>\r\n    <\/section>\r\n\r\n[\/vc_column][vc_row][vc_column][vc_raw_js]JTNDc2NyaXB0JTIwdHlwZSUzRCUyMnRleHQlMkZqYXZhc2NyaXB0JTIyJTNFJTBBalF1ZXJ5JTI4ZG9jdW1lbnQlMjkucmVhZHklMjhmdW5jdGlvbiUyMCUyOCUyOSUyMCU3QiUwQSUyMGpRdWVyeSUyOCUyN2h0bWwlMkMlMjBib2R5JTI3JTI5LmFuaW1hdGUlMjglN0IlMEElMjAlMjAlMjAlMjBzY3JvbGxUb3AlM0ElMjBqUXVlcnklMjglMjcuZGVmYXVsdC1pY29uLWNvbHVtbiUzQWZpcnN0JTI3JTI5Lm9mZnNldCUyOCUyOS50b3AlMEElMjAlN0QlMkMlMjAlMjdzbG93JTI3JTI5JTBBJTdEJTI5JTNCJTBBJTBBJTIwJTNDJTJGc2NyaXB0JTNF[\/vc_raw_js][\/vc_column][\/vc_row]<\/p>\n","protected":false},"excerpt":{"rendered":"<p>[vc_column][\/vc_column][vc_row][vc_column][vc_raw_js]JTNDc2NyaXB0JTIwdHlwZSUzRCUyMnRleHQlMkZqYXZhc2NyaXB0JTIyJTNFJTBBalF1ZXJ5JTI4ZG9jdW1lbnQlMjkucmVhZHklMjhmdW5jdGlvbiUyMCUyOCUyOSUyMCU3QiUwQSUyMGpRdWVyeSUyOCUyN2h0bWwlMkMlMjBib2R5JTI3JTI5LmFuaW1hdGUlMjglN0IlMEElMjAlMjAlMjAlMjBzY3JvbGxUb3AlM0ElMjBqUXVlcnklMjglMjcuZGVmYXVsdC1pY29uLWNvbHVtbiUzQWZpcnN0JTI3JTI5Lm9mZnNldCUyOCUyOS50b3AlMEElMjAlN0QlMkMlMjAlMjdzbG93JTI3JTI5JTBBJTdEJTI5JTNCJTBBJTBBJTIwJTNDJTJGc2NyaXB0JTNF[\/vc_raw_js][\/vc_column][\/vc_row]<\/p>\n","protected":false},"author":1,"featured_media":0,"parent":0,"menu_order":0,"comment_status":"closed","ping_status":"closed","template":"tpl-visual_composer.php","meta":{"_seopress_robots_primary_cat":""},"yoast_head":"<!-- This site is optimized with the Yoast SEO plugin v20.1 - https:\/\/yoast.com\/wordpress\/plugins\/seo\/ -->\n<title>Servicios - R &amp; C consultores<\/title>\n<meta name=\"robots\" content=\"index, follow, max-snippet:-1, max-image-preview:large, max-video-preview:-1\" \/>\n<link rel=\"canonical\" href=\"https:\/\/rconsultores.com.py\/web\/servicios\/\" \/>\n<meta property=\"og:locale\" content=\"es_MX\" \/>\n<meta property=\"og:type\" content=\"article\" \/>\n<meta property=\"og:title\" content=\"Servicios - R &amp; C consultores\" \/>\n<meta property=\"og:description\" content=\"[vc_column][\/vc_column][vc_row][vc_column][vc_raw_js]JTNDc2NyaXB0JTIwdHlwZSUzRCUyMnRleHQlMkZqYXZhc2NyaXB0JTIyJTNFJTBBalF1ZXJ5JTI4ZG9jdW1lbnQlMjkucmVhZHklMjhmdW5jdGlvbiUyMCUyOCUyOSUyMCU3QiUwQSUyMGpRdWVyeSUyOCUyN2h0bWwlMkMlMjBib2R5JTI3JTI5LmFuaW1hdGUlMjglN0IlMEElMjAlMjAlMjAlMjBzY3JvbGxUb3AlM0ElMjBqUXVlcnklMjglMjcuZGVmYXVsdC1pY29uLWNvbHVtbiUzQWZpcnN0JTI3JTI5Lm9mZnNldCUyOCUyOS50b3AlMEElMjAlN0QlMkMlMjAlMjdzbG93JTI3JTI5JTBBJTdEJTI5JTNCJTBBJTBBJTIwJTNDJTJGc2NyaXB0JTNF[\/vc_raw_js][\/vc_column][\/vc_row]\" \/>\n<meta property=\"og:url\" content=\"https:\/\/rconsultores.com.py\/web\/servicios\/\" \/>\n<meta property=\"og:site_name\" content=\"R &amp; C consultores\" \/>\n<meta property=\"article:modified_time\" content=\"2021-08-24T22:25:04+00:00\" \/>\n<meta name=\"twitter:card\" content=\"summary_large_image\" \/>\n<meta name=\"twitter:label1\" content=\"Tiempo de lectura\" \/>\n\t<meta name=\"twitter:data1\" content=\"1 minuto\" \/>\n<script type=\"application\/ld+json\" class=\"yoast-schema-graph\">{\"@context\":\"https:\/\/schema.org\",\"@graph\":[{\"@type\":\"WebPage\",\"@id\":\"https:\/\/rconsultores.com.py\/web\/servicios\/\",\"url\":\"https:\/\/rconsultores.com.py\/web\/servicios\/\",\"name\":\"Servicios - R &amp; C consultores\",\"isPartOf\":{\"@id\":\"https:\/\/rconsultores.com.py\/web\/#website\"},\"datePublished\":\"2016-11-17T12:18:53+00:00\",\"dateModified\":\"2021-08-24T22:25:04+00:00\",\"breadcrumb\":{\"@id\":\"https:\/\/rconsultores.com.py\/web\/servicios\/#breadcrumb\"},\"inLanguage\":\"es-MX\",\"potentialAction\":[{\"@type\":\"ReadAction\",\"target\":[\"https:\/\/rconsultores.com.py\/web\/servicios\/\"]}]},{\"@type\":\"BreadcrumbList\",\"@id\":\"https:\/\/rconsultores.com.py\/web\/servicios\/#breadcrumb\",\"itemListElement\":[{\"@type\":\"ListItem\",\"position\":1,\"name\":\"Inicio\",\"item\":\"https:\/\/rconsultores.com.py\/web\/\"},{\"@type\":\"ListItem\",\"position\":2,\"name\":\"Servicios\"}]},{\"@type\":\"WebSite\",\"@id\":\"https:\/\/rconsultores.com.py\/web\/#website\",\"url\":\"https:\/\/rconsultores.com.py\/web\/\",\"name\":\"R &amp; C consultores\",\"description\":\"Robert Alegre Contadores - Auditores\",\"publisher\":{\"@id\":\"https:\/\/rconsultores.com.py\/web\/#organization\"},\"potentialAction\":[{\"@type\":\"SearchAction\",\"target\":{\"@type\":\"EntryPoint\",\"urlTemplate\":\"https:\/\/rconsultores.com.py\/web\/?s={search_term_string}\"},\"query-input\":\"required name=search_term_string\"}],\"inLanguage\":\"es-MX\"},{\"@type\":\"Organization\",\"@id\":\"https:\/\/rconsultores.com.py\/web\/#organization\",\"name\":\"Robert Alegre\",\"url\":\"https:\/\/rconsultores.com.py\/web\/\",\"logo\":{\"@type\":\"ImageObject\",\"inLanguage\":\"es-MX\",\"@id\":\"https:\/\/rconsultores.com.py\/web\/#\/schema\/logo\/image\/\",\"url\":\"https:\/\/rconsultores.com.py\/web\/wp-content\/uploads\/2016\/11\/logo.jpg\",\"contentUrl\":\"https:\/\/rconsultores.com.py\/web\/wp-content\/uploads\/2016\/11\/logo.jpg\",\"width\":250,\"height\":111,\"caption\":\"Robert Alegre\"},\"image\":{\"@id\":\"https:\/\/rconsultores.com.py\/web\/#\/schema\/logo\/image\/\"}}]}<\/script>\n<!-- \/ Yoast SEO plugin. -->","yoast_head_json":{"title":"Servicios - R &amp; C consultores","robots":{"index":"index","follow":"follow","max-snippet":"max-snippet:-1","max-image-preview":"max-image-preview:large","max-video-preview":"max-video-preview:-1"},"canonical":"https:\/\/rconsultores.com.py\/web\/servicios\/","og_locale":"es_MX","og_type":"article","og_title":"Servicios - R &amp; C consultores","og_description":"[vc_column][\/vc_column][vc_row][vc_column][vc_raw_js]JTNDc2NyaXB0JTIwdHlwZSUzRCUyMnRleHQlMkZqYXZhc2NyaXB0JTIyJTNFJTBBalF1ZXJ5JTI4ZG9jdW1lbnQlMjkucmVhZHklMjhmdW5jdGlvbiUyMCUyOCUyOSUyMCU3QiUwQSUyMGpRdWVyeSUyOCUyN2h0bWwlMkMlMjBib2R5JTI3JTI5LmFuaW1hdGUlMjglN0IlMEElMjAlMjAlMjAlMjBzY3JvbGxUb3AlM0ElMjBqUXVlcnklMjglMjcuZGVmYXVsdC1pY29uLWNvbHVtbiUzQWZpcnN0JTI3JTI5Lm9mZnNldCUyOCUyOS50b3AlMEElMjAlN0QlMkMlMjAlMjdzbG93JTI3JTI5JTBBJTdEJTI5JTNCJTBBJTBBJTIwJTNDJTJGc2NyaXB0JTNF[\/vc_raw_js][\/vc_column][\/vc_row]","og_url":"https:\/\/rconsultores.com.py\/web\/servicios\/","og_site_name":"R &amp; C consultores","article_modified_time":"2021-08-24T22:25:04+00:00","twitter_card":"summary_large_image","twitter_misc":{"Tiempo de lectura":"1 minuto"},"schema":{"@context":"https:\/\/schema.org","@graph":[{"@type":"WebPage","@id":"https:\/\/rconsultores.com.py\/web\/servicios\/","url":"https:\/\/rconsultores.com.py\/web\/servicios\/","name":"Servicios - R &amp; C consultores","isPartOf":{"@id":"https:\/\/rconsultores.com.py\/web\/#website"},"datePublished":"2016-11-17T12:18:53+00:00","dateModified":"2021-08-24T22:25:04+00:00","breadcrumb":{"@id":"https:\/\/rconsultores.com.py\/web\/servicios\/#breadcrumb"},"inLanguage":"es-MX","potentialAction":[{"@type":"ReadAction","target":["https:\/\/rconsultores.com.py\/web\/servicios\/"]}]},{"@type":"BreadcrumbList","@id":"https:\/\/rconsultores.com.py\/web\/servicios\/#breadcrumb","itemListElement":[{"@type":"ListItem","position":1,"name":"Inicio","item":"https:\/\/rconsultores.com.py\/web\/"},{"@type":"ListItem","position":2,"name":"Servicios"}]},{"@type":"WebSite","@id":"https:\/\/rconsultores.com.py\/web\/#website","url":"https:\/\/rconsultores.com.py\/web\/","name":"R &amp; C consultores","description":"Robert Alegre Contadores - Auditores","publisher":{"@id":"https:\/\/rconsultores.com.py\/web\/#organization"},"potentialAction":[{"@type":"SearchAction","target":{"@type":"EntryPoint","urlTemplate":"https:\/\/rconsultores.com.py\/web\/?s={search_term_string}"},"query-input":"required name=search_term_string"}],"inLanguage":"es-MX"},{"@type":"Organization","@id":"https:\/\/rconsultores.com.py\/web\/#organization","name":"Robert Alegre","url":"https:\/\/rconsultores.com.py\/web\/","logo":{"@type":"ImageObject","inLanguage":"es-MX","@id":"https:\/\/rconsultores.com.py\/web\/#\/schema\/logo\/image\/","url":"https:\/\/rconsultores.com.py\/web\/wp-content\/uploads\/2016\/11\/logo.jpg","contentUrl":"https:\/\/rconsultores.com.py\/web\/wp-content\/uploads\/2016\/11\/logo.jpg","width":250,"height":111,"caption":"Robert Alegre"},"image":{"@id":"https:\/\/rconsultores.com.py\/web\/#\/schema\/logo\/image\/"}}]}},"_links":{"self":[{"href":"https:\/\/rconsultores.com.py\/web\/wp-json\/wp\/v2\/pages\/633"}],"collection":[{"href":"https:\/\/rconsultores.com.py\/web\/wp-json\/wp\/v2\/pages"}],"about":[{"href":"https:\/\/rconsultores.com.py\/web\/wp-json\/wp\/v2\/types\/page"}],"author":[{"embeddable":true,"href":"https:\/\/rconsultores.com.py\/web\/wp-json\/wp\/v2\/users\/1"}],"replies":[{"embeddable":true,"href":"https:\/\/rconsultores.com.py\/web\/wp-json\/wp\/v2\/comments?post=633"}],"version-history":[{"count":41,"href":"https:\/\/rconsultores.com.py\/web\/wp-json\/wp\/v2\/pages\/633\/revisions"}],"predecessor-version":[{"id":949,"href":"https:\/\/rconsultores.com.py\/web\/wp-json\/wp\/v2\/pages\/633\/revisions\/949"}],"wp:attachment":[{"href":"https:\/\/rconsultores.com.py\/web\/wp-json\/wp\/v2\/media?parent=633"}],"curies":[{"name":"wp","href":"https:\/\/api.w.org\/{rel}","templated":true}]}}